{"id":5038,"date":"2023-07-14T10:46:19","date_gmt":"2023-07-14T08:46:19","guid":{"rendered":"https:\/\/dev.digitecmedia.com\/spamovil\/?page_id=5038"},"modified":"2023-07-24T12:51:45","modified_gmt":"2023-07-24T10:51:45","slug":"te-ayudamos","status":"publish","type":"page","link":"https:\/\/dev.digitecmedia.com\/spamovil\/te-ayudamos\/","title":{"rendered":"\u00bfTE AYUDAMOS?"},"content":{"rendered":"<section class=\"wpb-content-wrapper\"><p>[vc_row][vc_column icons_position=&#8221;left&#8221;]\n\t\t\t<!-- START Te ayudamos REVOLUTION SLIDER 6.6.14 --><p class=\"rs-p-wp-fix\"><\/p>\n\t\t\t<rs-module-wrap id=\"rev_slider_9_1_wrapper\" data-source=\"gallery\" style=\"visibility:hidden;background:transparent;padding:0;margin:0px auto;margin-top:0;margin-bottom:0;\">\n\t\t\t\t<rs-module id=\"rev_slider_9_1\" class=\" rs-ov-hidden\" style=\"\" data-version=\"6.6.14\">\n\t\t\t\t\t<rs-slides style=\"overflow: hidden; position: absolute;\">\n\t\t\t\t\t\t<rs-slide style=\"position: absolute;\" data-key=\"rs-20\" data-title=\"Slide\" data-anim=\"ms:600;\" data-in=\"o:0;\" data-out=\"a:false;\">\n\t\t\t\t\t\t\t<img src=\"\/\/dev.digitecmedia.com\/spamovil\/wp-content\/plugins\/revslider\/public\/assets\/assets\/dummy.png\" alt=\"\" title=\"Imagen2\" width=\"2172\" height=\"979\" class=\"rev-slidebg tp-rs-img rs-lazyload\" data-lazyload=\"\/\/dev.digitecmedia.com\/spamovil\/wp-content\/uploads\/2023\/07\/Imagen2-1.jpg\" data-no-retina>\n<!--\n\t\t\t\t\t\t\t--><rs-layer\n\t\t\t\t\t\t\t\tid=\"slider-9-slide-20-layer-1\" \n\t\t\t\t\t\t\t\tdata-type=\"text\"\n\t\t\t\t\t\t\t\tdata-color=\"#ffffff\"\n\t\t\t\t\t\t\t\tdata-rsp_ch=\"on\"\n\t\t\t\t\t\t\t\tdata-xy=\"x:c;y:c;\"\n\t\t\t\t\t\t\t\tdata-text=\"s:80;l:86;fw:700;a:inherit;\"\n\t\t\t\t\t\t\t\tdata-vbility=\"t,t,f,f\"\n\t\t\t\t\t\t\t\tdata-frame_0=\"x:-50px;\"\n\t\t\t\t\t\t\t\tdata-frame_1=\"sp:600;sR:10;\"\n\t\t\t\t\t\t\t\tdata-frame_999=\"o:0;st:w;sR:8390;\"\n\t\t\t\t\t\t\t\tstyle=\"z-index:7;font-family:'Montserrat';\"\n\t\t\t\t\t\t\t>\u00bfTE AYUDAMOS? \n\t\t\t\t\t\t\t<\/rs-layer><!--\n\n\t\t\t\t\t\t\t--><rs-layer\n\t\t\t\t\t\t\t\tid=\"slider-9-slide-20-layer-9\" \n\t\t\t\t\t\t\t\tdata-type=\"text\"\n\t\t\t\t\t\t\t\tdata-color=\"#ffffff\"\n\t\t\t\t\t\t\t\tdata-rsp_ch=\"on\"\n\t\t\t\t\t\t\t\tdata-xy=\"x:c;y:c;\"\n\t\t\t\t\t\t\t\tdata-text=\"s:110;l:110;fw:700;a:inherit;\"\n\t\t\t\t\t\t\t\tdata-vbility=\"f,f,t,t\"\n\t\t\t\t\t\t\t\tdata-frame_0=\"x:-50px;\"\n\t\t\t\t\t\t\t\tdata-frame_1=\"sp:600;sR:10;\"\n\t\t\t\t\t\t\t\tdata-frame_999=\"o:0;st:w;sR:8390;\"\n\t\t\t\t\t\t\t\tstyle=\"z-index:9;font-family:'Montserrat';\"\n\t\t\t\t\t\t\t>\u00bfTE AYUDAMOS? \n\t\t\t\t\t\t\t<\/rs-layer><!--\n-->\t\t\t\t\t\t<\/rs-slide>\n\t\t\t\t\t<\/rs-slides>\n\t\t\t\t\t<rs-static-layers class=\"rs-stl-back \"><!--\n\n\t\t\t\t\t\t\t--><rs-layer\n\t\t\t\t\t\t\t\tid=\"slider-9-slide-9-layer-7\" \n\t\t\t\t\t\t\t\tclass=\"rs-fsv rs-layer-static rs-layer-video intrinsic-ignore\"\n\t\t\t\t\t\t\t\tdata-type=\"video\"\n\t\t\t\t\t\t\t\tdata-rsp_ch=\"on\"\n\t\t\t\t\t\t\t\tdata-xy=\"x:0;y:0;\"\n\t\t\t\t\t\t\t\tdata-text=\"l:22;a:inherit;\"\n\t\t\t\t\t\t\t\tdata-dim=\"w:100%;h:100%;\"\n\t\t\t\t\t\t\t\tdata-vbility=\"f,f,f,f\"\n\t\t\t\t\t\t\t\tdata-basealign=\"slide\"\n\t\t\t\t\t\t\t\tdata-onslides=\"s:1;\"\n\t\t\t\t\t\t\t\tdata-video=\"vd:100;sta:0:14;end:1:17;rwd:f;fc:true;do:1;l:false;ptimer:false;nse:f;sav:f;inl:f;\"\n\t\t\t\t\t\t\t\tdata-poster=\"\/\/dev.digitecmedia.com\/spamovil\/wp-content\/uploads\/revslider\/slider-4\/Slider4-poster.jpg\"\n\t\t\t\t\t\t\t\tdata-ytid=\"CC-Xril1UTI\"\n\t\t\t\t\t\t\t\tdata-vatr=\"version=3&amp;enablejsapi=1&amp;html5=1&amp;hd=1&amp;wmode=opaque&amp;showinfo=0&amp;rel=0&amp;start=14&amp;end=77&amp;origin=https:\/\/dev.digitecmedia.com;\"\n\t\t\t\t\t\t\t\tdata-frame_999=\"o:0;st:w;sR:8700;\"\n\t\t\t\t\t\t\t\tstyle=\"z-index:5;\"\n\t\t\t\t\t\t\t>\n\t\t\t\t\t\t\t<\/rs-layer><!--\n\t\t\t\t\t--><\/rs-static-layers>\n\t\t\t\t<\/rs-module>\n\t\t\t\t<script>\n\t\t\t\t\tsetREVStartSize({c: 'rev_slider_9_1',rl:[1240,1024,778,480],el:[730],gw:[1920],gh:[730],type:'standard',justify:'',layout:'fullwidth',mh:\"0\"});if (window.RS_MODULES!==undefined && window.RS_MODULES.modules!==undefined && window.RS_MODULES.modules[\"revslider91\"]!==undefined) {window.RS_MODULES.modules[\"revslider91\"].once = false;window.revapi9 = undefined;if (window.RS_MODULES.checkMinimal!==undefined) window.RS_MODULES.checkMinimal()}\n\t\t\t\t<\/script>\n\t\t\t\t<script src=\"https:\/\/www.youtube.com\/iframe_api\"><\/script>\n\t\t\t<\/rs-module-wrap>\n\t\t\t<!-- END REVOLUTION SLIDER -->\n[\/vc_column][\/vc_row][vc_row][vc_column icons_position=&#8221;left&#8221;][vc_empty_space height=&#8221;4.7em&#8221; alter_height=&#8221;none&#8221; hide_on_mobile=&#8221;&#8221;][\/vc_column][\/vc_row][vc_row gap=&#8221;30&#8243; equal_height=&#8221;yes&#8221;][vc_column width=&#8221;1\/2&#8243; icons_position=&#8221;left&#8221; offset=&#8221;vc_col-lg-offset-0 vc_col-lg-6 vc_col-md-offset-0 vc_col-md-6 vc_col-xs-12&#8243;][vc_column_text]<\/p>\n<p style=\"text-align: center;\"><a class=\"maxbutton-1 maxbutton maxbutton-pide-tu-cita\" href=\"https:\/\/dev.digitecmedia.com\/spamovil\/cita-previa\/\"><span class='mb-text'>PIDE TU CITA<\/span><\/a><\/p>\n<p>[\/vc_column_text][\/vc_column][vc_column width=&#8221;1\/2&#8243; icons_position=&#8221;left&#8221; offset=&#8221;vc_col-lg-offset-0 vc_col-lg-6 vc_col-md-offset-0 vc_col-md-6 vc_col-xs-12&#8243;][vc_single_image image=&#8221;4516&#8243; img_size=&#8221;full&#8221; onclick=&#8221;custom_link&#8221; link=&#8221;https:\/\/wa.me\/34000000000&#8243;][vc_column_text]Tel\u00e9fono: 000 000 000<\/p>\n<p>Abierto de lunes a viernes<br \/>\n<b>Ma\u00f1ana\u00a0<\/b>08.30 a 14h<br \/>\n<b>Tarde\u00a0<\/b>15.30 a 18.30h<br \/>\nS\u00e1bados cerrado.[\/vc_column_text][\/vc_column][\/vc_row][vc_row full_width=&#8221;stretch_row_content_no_spaces&#8221;][vc_column icons_position=&#8221;left&#8221;][vc_empty_space height=&#8221;4.7em&#8221; alter_height=&#8221;none&#8221; hide_on_mobile=&#8221;&#8221;][\/vc_column][\/vc_row][vc_row full_width=&#8221;stretch_row_content_no_spaces&#8221;][vc_column icons_position=&#8221;left&#8221;][vc_column_text]<\/p>\n<h4 style=\"text-align: center;\"><strong>SOMOS SPAM\u00d3VIL<\/strong><\/h4>\n<p>[\/vc_column_text][\/vc_column][\/vc_row][vc_row full_width=&#8221;stretch_row_content_no_spaces&#8221;][vc_column icons_position=&#8221;left&#8221;][vc_empty_space alter_height=&#8221;small&#8221; hide_on_mobile=&#8221;&#8221;][\/vc_column][\/vc_row][vc_row][vc_column icons_position=&#8221;left&#8221;][vc_column_text]<\/p>\n<div class=\"et_pb_column et_pb_column_1_2 et_pb_column_0\">\n<div class=\"et_pb_text et_pb_module et_pb_bg_layout_light et_pb_text_align_justified et_pb_text_0\">\n<p>En Spam\u00f3vil somos Servicio Oficial de BMW en Valencia. Llevamos m\u00e1s de 9 a\u00f1os prestando servicio desde nuestras instalaciones en Paterna.\u00a0<strong>Nuestra profesionalidad y saber hacer con m\u00e1s de 15 a\u00f1os de experiencia en la marca nos avalan.<\/strong><\/p>\n<p>El servicio oficial BMW se define en tres palabras: calidad, eficacia e innovaci\u00f3n. Estas son las tres piedras angulares en las que se basa BMW Service.<\/p>\n<p>Nuestro compromiso es ofrecer a nuestros clientes un servicio de primera clase para ti y tu BMW para que puedas seguir disfrutando del aut\u00e9ntico placer de conducir.<\/p>\n<p>Al dejar tu coche a cargo de tu servicio oficial\u00a0<strong>BMW Spam\u00f3vil Paterna,<\/strong>\u00a0puedes estar seguro de que estar\u00e1 en manos de especialistas con amplia formaci\u00f3n que prestar\u00e1n un servicio experto y de gran calidad.<\/p>\n<\/div>\n<\/div>\n<div class=\"et_pb_column et_pb_column_1_2 et_pb_column_1\">\n<div class=\"et_pb_text et_pb_module et_pb_bg_layout_light et_pb_text_align_justified et_pb_text_1\">\n<p>Nuestro equipo llevar\u00e1 a cabo las reparaciones necesarias y te aconsejar\u00e1n utilizando los m\u00e1s avanzados equipos de diagn\u00f3stico.<\/p>\n<p><strong>Contamos con mec\u00e1nicos formados en la Escuela T\u00e9cnica BMW, y ofrecemos como garant\u00eda la utilizaci\u00f3n de Recambios Originales BMW,<\/strong>\u00a0sujetos a los mismos elevados est\u00e1ndares de calidad que nuestros veh\u00edculos.<\/p>\n<p>De esta forma, podemos ofrecerte un servicio de asesoramiento personal que te permitir\u00e1 mantener tu veh\u00edculo en su estado original y prolongar la vida \u00fatil del mismo.<\/p>\n<h4><strong>En Spam\u00f3vil BMW SERVICE nos preocupamos de tu coche y nos preocupamos de ti.<\/strong><\/h4>\n<\/div>\n<\/div>\n<p>[\/vc_column_text][\/vc_column][\/vc_row][vc_row full_width=&#8221;stretch_row_content_no_spaces&#8221;][vc_column icons_position=&#8221;left&#8221;][vc_empty_space height=&#8221;4.7em&#8221; alter_height=&#8221;none&#8221; hide_on_mobile=&#8221;&#8221;][\/vc_column][\/vc_row]<\/p>\n<\/section>","protected":false},"excerpt":{"rendered":"<p>[vc_row][vc_column icons_position=&#8221;left&#8221;][\/vc_column][\/vc_row][vc_row][vc_column icons_position=&#8221;left&#8221;][vc_empty_space height=&#8221;4.7em&#8221; alter_height=&#8221;none&#8221; hide_on_mobile=&#8221;&#8221;][\/vc_column][\/vc_row][vc_row gap=&#8221;30&#8243; equal_height=&#8221;yes&#8221;][vc_column width=&#8221;1\/2&#8243; icons_position=&#8221;left&#8221; offset=&#8221;vc_col-lg-offset-0 vc_col-lg-6 vc_col-md-offset-0 vc_col-md-6 vc_col-xs-12&#8243;][vc_column_text] [\/vc_column_text][\/vc_column][vc_column width=&#8221;1\/2&#8243; icons_position=&#8221;left&#8221; offset=&#8221;vc_col-lg-offset-0 vc_col-lg-6 vc_col-md-offset-0 vc_col-md-6 vc_col-xs-12&#8243;][vc_single_image image=&#8221;4516&#8243; img_size=&#8221;full&#8221; onclick=&#8221;custom_link&#8221; link=&#8221;https:\/\/wa.me\/34000000000&#8243;][vc_column_text]Tel\u00e9fono: 000 000 000 Abierto de lunes a viernes Ma\u00f1ana\u00a008.30 a 14h Tarde\u00a015.30 a 18.30h S\u00e1bados cerrado.[\/vc_column_text][\/vc_column][\/vc_row][vc_row full_width=&#8221;stretch_row_content_no_spaces&#8221;][vc_column icons_position=&#8221;left&#8221;][vc_empty_space height=&#8221;4.7em&#8221; alter_height=&#8221;none&#8221; hide_on_mobile=&#8221;&#8221;][\/vc_column][\/vc_row][vc_row full_width=&#8221;stretch_row_content_no_spaces&#8221;][vc_column icons_position=&#8221;left&#8221;][vc_column_text] SOMOS SPAM\u00d3VIL [\/vc_column_text][\/vc_column][\/vc_row][vc_row full_width=&#8221;stretch_row_content_no_spaces&#8221;][vc_column icons_position=&#8221;left&#8221;][vc_empty_space alter_height=&#8221;small&#8221; hide_on_mobile=&#8221;&#8221;][\/vc_column][\/vc_row][vc_row][vc_column icons_position=&#8221;left&#8221;][vc_column_text] En Spam\u00f3vil&hellip;<\/p>\n","protected":false},"author":5,"featured_media":0,"parent":0,"menu_order":0,"comment_status":"closed","ping_status":"closed","template":"elementor_theme","meta":[],"yoast_head":"<!-- This site is optimized with the Yoast SEO plugin v20.11 - https:\/\/yoast.com\/wordpress\/plugins\/seo\/ -->\n<title>\u00bfTE AYUDAMOS? - Spamovil<\/title>\n<meta name=\"robots\" content=\"noindex, follow, max-snippet:-1, max-image-preview:large, max-video-preview:-1\" \/>\n<meta property=\"og:locale\" content=\"es_ES\" \/>\n<meta property=\"og:type\" content=\"article\" \/>\n<meta property=\"og:title\" content=\"\u00bfTE AYUDAMOS? - Spamovil\" \/>\n<meta property=\"og:description\" content=\"[vc_row][vc_column icons_position=&#8221;left&#8221;][\/vc_column][\/vc_row][vc_row][vc_column icons_position=&#8221;left&#8221;][vc_empty_space height=&#8221;4.7em&#8221; alter_height=&#8221;none&#8221; hide_on_mobile=&#8221;&#8221;][\/vc_column][\/vc_row][vc_row gap=&#8221;30&#8243; equal_height=&#8221;yes&#8221;][vc_column width=&#8221;1\/2&#8243; icons_position=&#8221;left&#8221; offset=&#8221;vc_col-lg-offset-0 vc_col-lg-6 vc_col-md-offset-0 vc_col-md-6 vc_col-xs-12&#8243;][vc_column_text] [\/vc_column_text][\/vc_column][vc_column width=&#8221;1\/2&#8243; icons_position=&#8221;left&#8221; offset=&#8221;vc_col-lg-offset-0 vc_col-lg-6 vc_col-md-offset-0 vc_col-md-6 vc_col-xs-12&#8243;][vc_single_image image=&#8221;4516&#8243; img_size=&#8221;full&#8221; onclick=&#8221;custom_link&#8221; link=&#8221;https:\/\/wa.me\/34000000000&#8243;][vc_column_text]Tel\u00e9fono: 000 000 000 Abierto de lunes a viernes Ma\u00f1ana\u00a008.30 a 14h Tarde\u00a015.30 a 18.30h S\u00e1bados cerrado.[\/vc_column_text][\/vc_column][\/vc_row][vc_row full_width=&#8221;stretch_row_content_no_spaces&#8221;][vc_column icons_position=&#8221;left&#8221;][vc_empty_space height=&#8221;4.7em&#8221; alter_height=&#8221;none&#8221; hide_on_mobile=&#8221;&#8221;][\/vc_column][\/vc_row][vc_row full_width=&#8221;stretch_row_content_no_spaces&#8221;][vc_column icons_position=&#8221;left&#8221;][vc_column_text] SOMOS SPAM\u00d3VIL [\/vc_column_text][\/vc_column][\/vc_row][vc_row full_width=&#8221;stretch_row_content_no_spaces&#8221;][vc_column icons_position=&#8221;left&#8221;][vc_empty_space alter_height=&#8221;small&#8221; hide_on_mobile=&#8221;&#8221;][\/vc_column][\/vc_row][vc_row][vc_column icons_position=&#8221;left&#8221;][vc_column_text] En Spam\u00f3vil&hellip;\" \/>\n<meta property=\"og:url\" content=\"https:\/\/dev.digitecmedia.com\/spamovil\/te-ayudamos\/\" \/>\n<meta property=\"og:site_name\" content=\"Spamovil\" \/>\n<meta property=\"article:modified_time\" content=\"2023-07-24T10:51:45+00:00\" \/>\n<meta name=\"twitter:card\" content=\"summary_large_image\" \/>\n<meta name=\"twitter:label1\" content=\"Tiempo de lectura\" \/>\n\t<meta name=\"twitter:data1\" content=\"2 minutos\" \/>\n<script type=\"application\/ld+json\" class=\"yoast-schema-graph\">{\"@context\":\"https:\/\/schema.org\",\"@graph\":[{\"@type\":\"WebPage\",\"@id\":\"https:\/\/dev.digitecmedia.com\/spamovil\/te-ayudamos\/\",\"url\":\"https:\/\/dev.digitecmedia.com\/spamovil\/te-ayudamos\/\",\"name\":\"\u00bfTE AYUDAMOS? - Spamovil\",\"isPartOf\":{\"@id\":\"https:\/\/dev.digitecmedia.com\/spamovil\/#website\"},\"datePublished\":\"2023-07-14T08:46:19+00:00\",\"dateModified\":\"2023-07-24T10:51:45+00:00\",\"breadcrumb\":{\"@id\":\"https:\/\/dev.digitecmedia.com\/spamovil\/te-ayudamos\/#breadcrumb\"},\"inLanguage\":\"es\",\"potentialAction\":[{\"@type\":\"ReadAction\",\"target\":[\"https:\/\/dev.digitecmedia.com\/spamovil\/te-ayudamos\/\"]}]},{\"@type\":\"BreadcrumbList\",\"@id\":\"https:\/\/dev.digitecmedia.com\/spamovil\/te-ayudamos\/#breadcrumb\",\"itemListElement\":[{\"@type\":\"ListItem\",\"position\":1,\"name\":\"Portada\",\"item\":\"https:\/\/dev.digitecmedia.com\/spamovil\/\"},{\"@type\":\"ListItem\",\"position\":2,\"name\":\"\u00bfTE AYUDAMOS?\"}]},{\"@type\":\"WebSite\",\"@id\":\"https:\/\/dev.digitecmedia.com\/spamovil\/#website\",\"url\":\"https:\/\/dev.digitecmedia.com\/spamovil\/\",\"name\":\"Spamovil\",\"description\":\"BMW Service\",\"potentialAction\":[{\"@type\":\"SearchAction\",\"target\":{\"@type\":\"EntryPoint\",\"urlTemplate\":\"https:\/\/dev.digitecmedia.com\/spamovil\/?s={search_term_string}\"},\"query-input\":\"required name=search_term_string\"}],\"inLanguage\":\"es\"}]}<\/script>\n<!-- \/ Yoast SEO plugin. -->","yoast_head_json":{"title":"\u00bfTE AYUDAMOS? - Spamovil","robots":{"index":"noindex","follow":"follow","max-snippet":"max-snippet:-1","max-image-preview":"max-image-preview:large","max-video-preview":"max-video-preview:-1"},"og_locale":"es_ES","og_type":"article","og_title":"\u00bfTE AYUDAMOS? - Spamovil","og_description":"[vc_row][vc_column icons_position=&#8221;left&#8221;][\/vc_column][\/vc_row][vc_row][vc_column icons_position=&#8221;left&#8221;][vc_empty_space height=&#8221;4.7em&#8221; alter_height=&#8221;none&#8221; hide_on_mobile=&#8221;&#8221;][\/vc_column][\/vc_row][vc_row gap=&#8221;30&#8243; equal_height=&#8221;yes&#8221;][vc_column width=&#8221;1\/2&#8243; icons_position=&#8221;left&#8221; offset=&#8221;vc_col-lg-offset-0 vc_col-lg-6 vc_col-md-offset-0 vc_col-md-6 vc_col-xs-12&#8243;][vc_column_text] [\/vc_column_text][\/vc_column][vc_column width=&#8221;1\/2&#8243; icons_position=&#8221;left&#8221; offset=&#8221;vc_col-lg-offset-0 vc_col-lg-6 vc_col-md-offset-0 vc_col-md-6 vc_col-xs-12&#8243;][vc_single_image image=&#8221;4516&#8243; img_size=&#8221;full&#8221; onclick=&#8221;custom_link&#8221; link=&#8221;https:\/\/wa.me\/34000000000&#8243;][vc_column_text]Tel\u00e9fono: 000 000 000 Abierto de lunes a viernes Ma\u00f1ana\u00a008.30 a 14h Tarde\u00a015.30 a 18.30h S\u00e1bados cerrado.[\/vc_column_text][\/vc_column][\/vc_row][vc_row full_width=&#8221;stretch_row_content_no_spaces&#8221;][vc_column icons_position=&#8221;left&#8221;][vc_empty_space height=&#8221;4.7em&#8221; alter_height=&#8221;none&#8221; hide_on_mobile=&#8221;&#8221;][\/vc_column][\/vc_row][vc_row full_width=&#8221;stretch_row_content_no_spaces&#8221;][vc_column icons_position=&#8221;left&#8221;][vc_column_text] SOMOS SPAM\u00d3VIL [\/vc_column_text][\/vc_column][\/vc_row][vc_row full_width=&#8221;stretch_row_content_no_spaces&#8221;][vc_column icons_position=&#8221;left&#8221;][vc_empty_space alter_height=&#8221;small&#8221; hide_on_mobile=&#8221;&#8221;][\/vc_column][\/vc_row][vc_row][vc_column icons_position=&#8221;left&#8221;][vc_column_text] En Spam\u00f3vil&hellip;","og_url":"https:\/\/dev.digitecmedia.com\/spamovil\/te-ayudamos\/","og_site_name":"Spamovil","article_modified_time":"2023-07-24T10:51:45+00:00","twitter_card":"summary_large_image","twitter_misc":{"Tiempo de lectura":"2 minutos"},"schema":{"@context":"https:\/\/schema.org","@graph":[{"@type":"WebPage","@id":"https:\/\/dev.digitecmedia.com\/spamovil\/te-ayudamos\/","url":"https:\/\/dev.digitecmedia.com\/spamovil\/te-ayudamos\/","name":"\u00bfTE AYUDAMOS? - Spamovil","isPartOf":{"@id":"https:\/\/dev.digitecmedia.com\/spamovil\/#website"},"datePublished":"2023-07-14T08:46:19+00:00","dateModified":"2023-07-24T10:51:45+00:00","breadcrumb":{"@id":"https:\/\/dev.digitecmedia.com\/spamovil\/te-ayudamos\/#breadcrumb"},"inLanguage":"es","potentialAction":[{"@type":"ReadAction","target":["https:\/\/dev.digitecmedia.com\/spamovil\/te-ayudamos\/"]}]},{"@type":"BreadcrumbList","@id":"https:\/\/dev.digitecmedia.com\/spamovil\/te-ayudamos\/#breadcrumb","itemListElement":[{"@type":"ListItem","position":1,"name":"Portada","item":"https:\/\/dev.digitecmedia.com\/spamovil\/"},{"@type":"ListItem","position":2,"name":"\u00bfTE AYUDAMOS?"}]},{"@type":"WebSite","@id":"https:\/\/dev.digitecmedia.com\/spamovil\/#website","url":"https:\/\/dev.digitecmedia.com\/spamovil\/","name":"Spamovil","description":"BMW Service","potentialAction":[{"@type":"SearchAction","target":{"@type":"EntryPoint","urlTemplate":"https:\/\/dev.digitecmedia.com\/spamovil\/?s={search_term_string}"},"query-input":"required name=search_term_string"}],"inLanguage":"es"}]}},"_links":{"self":[{"href":"https:\/\/dev.digitecmedia.com\/spamovil\/wp-json\/wp\/v2\/pages\/5038"}],"collection":[{"href":"https:\/\/dev.digitecmedia.com\/spamovil\/wp-json\/wp\/v2\/pages"}],"about":[{"href":"https:\/\/dev.digitecmedia.com\/spamovil\/wp-json\/wp\/v2\/types\/page"}],"author":[{"embeddable":true,"href":"https:\/\/dev.digitecmedia.com\/spamovil\/wp-json\/wp\/v2\/users\/5"}],"replies":[{"embeddable":true,"href":"https:\/\/dev.digitecmedia.com\/spamovil\/wp-json\/wp\/v2\/comments?post=5038"}],"version-history":[{"count":16,"href":"https:\/\/dev.digitecmedia.com\/spamovil\/wp-json\/wp\/v2\/pages\/5038\/revisions"}],"predecessor-version":[{"id":5303,"href":"https:\/\/dev.digitecmedia.com\/spamovil\/wp-json\/wp\/v2\/pages\/5038\/revisions\/5303"}],"wp:attachment":[{"href":"https:\/\/dev.digitecmedia.com\/spamovil\/wp-json\/wp\/v2\/media?parent=5038"}],"curies":[{"name":"wp","href":"https:\/\/api.w.org\/{rel}","templated":true}]}}