{"id":5020,"date":"2023-07-14T10:38:19","date_gmt":"2023-07-14T08:38:19","guid":{"rendered":"https:\/\/dev.digitecmedia.com\/spamovil\/?page_id=5020"},"modified":"2023-07-21T11:05:27","modified_gmt":"2023-07-21T09:05:27","slug":"neumaticos-mini","status":"publish","type":"page","link":"https:\/\/dev.digitecmedia.com\/spamovil\/mundo-mini\/neumaticos-mini\/","title":{"rendered":"NEUM\u00c1TICOS MINI"},"content":{"rendered":"<section class=\"wpb-content-wrapper\"><p>[vc_row full_width=&#8221;stretch_row_content_no_spaces&#8221; content_placement=&#8221;middle&#8221;][vc_column icons_position=&#8221;left&#8221;]\n\t\t\t<!-- START NEUM\u00c1TICOS MINI REVOLUTION SLIDER 6.6.14 --><p class=\"rs-p-wp-fix\"><\/p>\n\t\t\t<rs-module-wrap id=\"rev_slider_16_1_wrapper\" data-source=\"gallery\" style=\"visibility:hidden;background:transparent;padding:0;margin:0px auto;margin-top:0;margin-bottom:0;\">\n\t\t\t\t<rs-module id=\"rev_slider_16_1\" class=\" rs-ov-hidden\" style=\"\" data-version=\"6.6.14\">\n\t\t\t\t\t<rs-slides style=\"overflow: hidden; position: absolute;\">\n\t\t\t\t\t\t<rs-slide style=\"position: absolute;\" data-key=\"rs-27\" data-title=\"Slide\" data-anim=\"ms:600;\" data-in=\"o:0;\" data-out=\"a:false;\">\n\t\t\t\t\t\t\t<img src=\"\/\/dev.digitecmedia.com\/spamovil\/wp-content\/plugins\/revslider\/public\/assets\/assets\/dummy.png\" alt=\"\" title=\"damImage.narrow.768w.j_1579871427325\" width=\"768\" height=\"432\" class=\"rev-slidebg tp-rs-img rs-lazyload\" data-lazyload=\"\/\/dev.digitecmedia.com\/spamovil\/wp-content\/uploads\/2023\/07\/damImage.narrow.768w.j_1579871427325.jpg\" data-no-retina>\n<!--\n\t\t\t\t\t\t\t--><rs-layer\n\t\t\t\t\t\t\t\tid=\"slider-16-slide-27-layer-1\" \n\t\t\t\t\t\t\t\tdata-type=\"text\"\n\t\t\t\t\t\t\t\tdata-color=\"#ffffff\"\n\t\t\t\t\t\t\t\tdata-rsp_ch=\"on\"\n\t\t\t\t\t\t\t\tdata-xy=\"x:c;y:c;\"\n\t\t\t\t\t\t\t\tdata-text=\"s:80;l:86;fw:700;a:inherit;\"\n\t\t\t\t\t\t\t\tdata-vbility=\"t,t,f,f\"\n\t\t\t\t\t\t\t\tdata-frame_0=\"x:-50px;\"\n\t\t\t\t\t\t\t\tdata-frame_1=\"sp:600;sR:10;\"\n\t\t\t\t\t\t\t\tdata-frame_999=\"o:0;st:w;sR:8390;\"\n\t\t\t\t\t\t\t\tstyle=\"z-index:7;font-family:'Montserrat';\"\n\t\t\t\t\t\t\t>NEUM\u00c1TICOS MINI \n\t\t\t\t\t\t\t<\/rs-layer><!--\n\n\t\t\t\t\t\t\t--><rs-layer\n\t\t\t\t\t\t\t\tid=\"slider-16-slide-27-layer-9\" \n\t\t\t\t\t\t\t\tdata-type=\"text\"\n\t\t\t\t\t\t\t\tdata-color=\"#ffffff\"\n\t\t\t\t\t\t\t\tdata-rsp_ch=\"on\"\n\t\t\t\t\t\t\t\tdata-xy=\"x:c;y:c;\"\n\t\t\t\t\t\t\t\tdata-text=\"s:110;l:110;fw:700;a:inherit;\"\n\t\t\t\t\t\t\t\tdata-vbility=\"f,f,t,t\"\n\t\t\t\t\t\t\t\tdata-frame_0=\"x:-50px;\"\n\t\t\t\t\t\t\t\tdata-frame_1=\"sp:600;sR:10;\"\n\t\t\t\t\t\t\t\tdata-frame_999=\"o:0;st:w;sR:8390;\"\n\t\t\t\t\t\t\t\tstyle=\"z-index:9;font-family:'Montserrat';\"\n\t\t\t\t\t\t\t>NEUM\u00c1TICOS MINI \n\t\t\t\t\t\t\t<\/rs-layer><!--\n-->\t\t\t\t\t\t<\/rs-slide>\n\t\t\t\t\t<\/rs-slides>\n\t\t\t\t\t<rs-static-layers class=\"rs-stl-back \"><!--\n\n\t\t\t\t\t\t\t--><rs-layer\n\t\t\t\t\t\t\t\tid=\"slider-16-slide-16-layer-7\" \n\t\t\t\t\t\t\t\tclass=\"rs-fsv rs-layer-static rs-layer-video intrinsic-ignore\"\n\t\t\t\t\t\t\t\tdata-type=\"video\"\n\t\t\t\t\t\t\t\tdata-rsp_ch=\"on\"\n\t\t\t\t\t\t\t\tdata-xy=\"x:0;y:0;\"\n\t\t\t\t\t\t\t\tdata-text=\"l:22;a:inherit;\"\n\t\t\t\t\t\t\t\tdata-dim=\"w:100%;h:100%;\"\n\t\t\t\t\t\t\t\tdata-vbility=\"f,f,f,f\"\n\t\t\t\t\t\t\t\tdata-basealign=\"slide\"\n\t\t\t\t\t\t\t\tdata-onslides=\"s:1;\"\n\t\t\t\t\t\t\t\tdata-video=\"vd:100;sta:0:14;end:1:17;rwd:f;fc:true;do:1;l:false;ptimer:false;nse:f;sav:f;inl:f;\"\n\t\t\t\t\t\t\t\tdata-poster=\"\/\/dev.digitecmedia.com\/spamovil\/wp-content\/uploads\/revslider\/slider-4\/Slider4-poster.jpg\"\n\t\t\t\t\t\t\t\tdata-ytid=\"CC-Xril1UTI\"\n\t\t\t\t\t\t\t\tdata-vatr=\"version=3&amp;enablejsapi=1&amp;html5=1&amp;hd=1&amp;wmode=opaque&amp;showinfo=0&amp;rel=0&amp;start=14&amp;end=77&amp;origin=https:\/\/dev.digitecmedia.com;\"\n\t\t\t\t\t\t\t\tdata-frame_999=\"o:0;st:w;sR:8700;\"\n\t\t\t\t\t\t\t\tstyle=\"z-index:5;\"\n\t\t\t\t\t\t\t>\n\t\t\t\t\t\t\t<\/rs-layer><!--\n\t\t\t\t\t--><\/rs-static-layers>\n\t\t\t\t<\/rs-module>\n\t\t\t\t<script>\n\t\t\t\t\tsetREVStartSize({c: 'rev_slider_16_1',rl:[1240,1024,778,480],el:[730],gw:[1920],gh:[730],type:'standard',justify:'',layout:'fullwidth',mh:\"0\"});if (window.RS_MODULES!==undefined && window.RS_MODULES.modules!==undefined && window.RS_MODULES.modules[\"revslider161\"]!==undefined) {window.RS_MODULES.modules[\"revslider161\"].once = false;window.revapi16 = undefined;if (window.RS_MODULES.checkMinimal!==undefined) window.RS_MODULES.checkMinimal()}\n\t\t\t\t<\/script>\n\t\t\t\t<script src=\"https:\/\/www.youtube.com\/iframe_api\"><\/script>\n\t\t\t<\/rs-module-wrap>\n\t\t\t<!-- END REVOLUTION SLIDER -->\n[\/vc_column][\/vc_row][vc_row full_width=&#8221;stretch_row_content_no_spaces&#8221; content_placement=&#8221;middle&#8221;][vc_column width=&#8221;1\/2&#8243; icons_position=&#8221;left&#8221;][vc_single_image image=&#8221;4951&#8243; img_size=&#8221;full&#8221; alignment=&#8221;center&#8221;][\/vc_column][vc_column width=&#8221;1\/2&#8243; icons_position=&#8221;left&#8221;][vc_column_text]<\/p>\n<h2 style=\"text-align: center;\"><strong>BMW LIFESTYLE<\/strong><\/h2>\n<p>[\/vc_column_text][\/vc_column][\/vc_row][vc_row full_width=&#8221;stretch_row_content_no_spaces&#8221; content_placement=&#8221;middle&#8221;][vc_column width=&#8221;1\/2&#8243; icons_position=&#8221;left&#8221;][vc_column_text]<\/p>\n<h2 style=\"text-align: center;\"><strong>ACCESORIOS ORIGINALES BMW<\/strong><\/h2>\n<p>[\/vc_column_text][\/vc_column][vc_column width=&#8221;1\/2&#8243; icons_position=&#8221;left&#8221;][vc_single_image image=&#8221;4953&#8243; img_size=&#8221;full&#8221; alignment=&#8221;center&#8221;][\/vc_column][\/vc_row][vc_row full_width=&#8221;stretch_row_content_no_spaces&#8221; content_placement=&#8221;middle&#8221;][vc_column width=&#8221;1\/2&#8243; icons_position=&#8221;left&#8221;][vc_single_image image=&#8221;4947&#8243; img_size=&#8221;full&#8221; alignment=&#8221;center&#8221;][\/vc_column][vc_column width=&#8221;1\/2&#8243; icons_position=&#8221;left&#8221;][vc_column_text]<\/p>\n<h2 style=\"text-align: center;\"><strong>RECAMBIOS ORIGINALES BMW<\/strong><\/h2>\n<p>[\/vc_column_text][\/vc_column][\/vc_row][vc_row full_width=&#8221;stretch_row_content_no_spaces&#8221; content_placement=&#8221;middle&#8221;][vc_column width=&#8221;1\/2&#8243; icons_position=&#8221;left&#8221;][vc_column_text]<\/p>\n<h2 style=\"text-align: center;\"><strong>BMW M PERFOMANCE<\/strong><\/h2>\n<p>[\/vc_column_text][\/vc_column][vc_column width=&#8221;1\/2&#8243; icons_position=&#8221;left&#8221;][vc_single_image image=&#8221;4955&#8243; img_size=&#8221;full&#8221; alignment=&#8221;center&#8221;][\/vc_column][\/vc_row]<\/p>\n<\/section>","protected":false},"excerpt":{"rendered":"<p>[vc_row full_width=&#8221;stretch_row_content_no_spaces&#8221; content_placement=&#8221;middle&#8221;][vc_column icons_position=&#8221;left&#8221;][\/vc_column][\/vc_row][vc_row full_width=&#8221;stretch_row_content_no_spaces&#8221; content_placement=&#8221;middle&#8221;][vc_column width=&#8221;1\/2&#8243; icons_position=&#8221;left&#8221;][vc_single_image image=&#8221;4951&#8243; img_size=&#8221;full&#8221; alignment=&#8221;center&#8221;][\/vc_column][vc_column width=&#8221;1\/2&#8243; icons_position=&#8221;left&#8221;][vc_column_text] BMW LIFESTYLE [\/vc_column_text][\/vc_column][\/vc_row][vc_row full_width=&#8221;stretch_row_content_no_spaces&#8221; content_placement=&#8221;middle&#8221;][vc_column width=&#8221;1\/2&#8243; icons_position=&#8221;left&#8221;][vc_column_text] ACCESORIOS ORIGINALES BMW [\/vc_column_text][\/vc_column][vc_column width=&#8221;1\/2&#8243; icons_position=&#8221;left&#8221;][vc_single_image image=&#8221;4953&#8243; img_size=&#8221;full&#8221; alignment=&#8221;center&#8221;][\/vc_column][\/vc_row][vc_row full_width=&#8221;stretch_row_content_no_spaces&#8221; content_placement=&#8221;middle&#8221;][vc_column width=&#8221;1\/2&#8243; icons_position=&#8221;left&#8221;][vc_single_image image=&#8221;4947&#8243; img_size=&#8221;full&#8221; alignment=&#8221;center&#8221;][\/vc_column][vc_column width=&#8221;1\/2&#8243; icons_position=&#8221;left&#8221;][vc_column_text] RECAMBIOS ORIGINALES BMW [\/vc_column_text][\/vc_column][\/vc_row][vc_row full_width=&#8221;stretch_row_content_no_spaces&#8221; content_placement=&#8221;middle&#8221;][vc_column width=&#8221;1\/2&#8243; icons_position=&#8221;left&#8221;][vc_column_text] BMW M PERFOMANCE [\/vc_column_text][\/vc_column][vc_column width=&#8221;1\/2&#8243; icons_position=&#8221;left&#8221;][vc_single_image image=&#8221;4955&#8243; img_size=&#8221;full&#8221; alignment=&#8221;center&#8221;][\/vc_column][\/vc_row]<\/p>\n","protected":false},"author":5,"featured_media":0,"parent":5012,"menu_order":0,"comment_status":"closed","ping_status":"closed","template":"","meta":[],"yoast_head":"<!-- This site is optimized with the Yoast SEO plugin v20.11 - https:\/\/yoast.com\/wordpress\/plugins\/seo\/ -->\n<title>NEUM\u00c1TICOS MINI - Spamovil<\/title>\n<meta name=\"description\" content=\"SPAM\u00d3VIL | BMW Service. Productos relacionados con los neum\u00e1ticos Mini.\" \/>\n<meta name=\"robots\" content=\"noindex, follow, max-snippet:-1, max-image-preview:large, max-video-preview:-1\" \/>\n<meta property=\"og:locale\" content=\"es_ES\" \/>\n<meta property=\"og:type\" content=\"article\" \/>\n<meta property=\"og:title\" content=\"NEUM\u00c1TICOS MINI - Spamovil\" \/>\n<meta property=\"og:description\" content=\"SPAM\u00d3VIL | BMW Service. Productos relacionados con los neum\u00e1ticos Mini.\" \/>\n<meta property=\"og:url\" content=\"https:\/\/dev.digitecmedia.com\/spamovil\/mundo-mini\/neumaticos-mini\/\" \/>\n<meta property=\"og:site_name\" content=\"Spamovil\" \/>\n<meta property=\"article:modified_time\" content=\"2023-07-21T09:05:27+00:00\" \/>\n<meta name=\"twitter:card\" content=\"summary_large_image\" \/>\n<meta name=\"twitter:label1\" content=\"Tiempo de lectura\" \/>\n\t<meta name=\"twitter:data1\" content=\"1 minuto\" \/>\n<script type=\"application\/ld+json\" class=\"yoast-schema-graph\">{\"@context\":\"https:\/\/schema.org\",\"@graph\":[{\"@type\":\"WebPage\",\"@id\":\"https:\/\/dev.digitecmedia.com\/spamovil\/mundo-mini\/neumaticos-mini\/\",\"url\":\"https:\/\/dev.digitecmedia.com\/spamovil\/mundo-mini\/neumaticos-mini\/\",\"name\":\"NEUM\u00c1TICOS MINI - Spamovil\",\"isPartOf\":{\"@id\":\"https:\/\/dev.digitecmedia.com\/spamovil\/#website\"},\"datePublished\":\"2023-07-14T08:38:19+00:00\",\"dateModified\":\"2023-07-21T09:05:27+00:00\",\"description\":\"SPAM\u00d3VIL | BMW Service. Productos relacionados con los neum\u00e1ticos Mini.\",\"breadcrumb\":{\"@id\":\"https:\/\/dev.digitecmedia.com\/spamovil\/mundo-mini\/neumaticos-mini\/#breadcrumb\"},\"inLanguage\":\"es\",\"potentialAction\":[{\"@type\":\"ReadAction\",\"target\":[\"https:\/\/dev.digitecmedia.com\/spamovil\/mundo-mini\/neumaticos-mini\/\"]}]},{\"@type\":\"BreadcrumbList\",\"@id\":\"https:\/\/dev.digitecmedia.com\/spamovil\/mundo-mini\/neumaticos-mini\/#breadcrumb\",\"itemListElement\":[{\"@type\":\"ListItem\",\"position\":1,\"name\":\"Portada\",\"item\":\"https:\/\/dev.digitecmedia.com\/spamovil\/\"},{\"@type\":\"ListItem\",\"position\":2,\"name\":\"MUNDO MINI\",\"item\":\"https:\/\/dev.digitecmedia.com\/spamovil\/mundo-mini\/\"},{\"@type\":\"ListItem\",\"position\":3,\"name\":\"NEUM\u00c1TICOS MINI\"}]},{\"@type\":\"WebSite\",\"@id\":\"https:\/\/dev.digitecmedia.com\/spamovil\/#website\",\"url\":\"https:\/\/dev.digitecmedia.com\/spamovil\/\",\"name\":\"Spamovil\",\"description\":\"BMW Service\",\"potentialAction\":[{\"@type\":\"SearchAction\",\"target\":{\"@type\":\"EntryPoint\",\"urlTemplate\":\"https:\/\/dev.digitecmedia.com\/spamovil\/?s={search_term_string}\"},\"query-input\":\"required name=search_term_string\"}],\"inLanguage\":\"es\"}]}<\/script>\n<!-- \/ Yoast SEO plugin. -->","yoast_head_json":{"title":"NEUM\u00c1TICOS MINI - Spamovil","description":"SPAM\u00d3VIL | BMW Service. Productos relacionados con los neum\u00e1ticos Mini.","robots":{"index":"noindex","follow":"follow","max-snippet":"max-snippet:-1","max-image-preview":"max-image-preview:large","max-video-preview":"max-video-preview:-1"},"og_locale":"es_ES","og_type":"article","og_title":"NEUM\u00c1TICOS MINI - Spamovil","og_description":"SPAM\u00d3VIL | BMW Service. Productos relacionados con los neum\u00e1ticos Mini.","og_url":"https:\/\/dev.digitecmedia.com\/spamovil\/mundo-mini\/neumaticos-mini\/","og_site_name":"Spamovil","article_modified_time":"2023-07-21T09:05:27+00:00","twitter_card":"summary_large_image","twitter_misc":{"Tiempo de lectura":"1 minuto"},"schema":{"@context":"https:\/\/schema.org","@graph":[{"@type":"WebPage","@id":"https:\/\/dev.digitecmedia.com\/spamovil\/mundo-mini\/neumaticos-mini\/","url":"https:\/\/dev.digitecmedia.com\/spamovil\/mundo-mini\/neumaticos-mini\/","name":"NEUM\u00c1TICOS MINI - Spamovil","isPartOf":{"@id":"https:\/\/dev.digitecmedia.com\/spamovil\/#website"},"datePublished":"2023-07-14T08:38:19+00:00","dateModified":"2023-07-21T09:05:27+00:00","description":"SPAM\u00d3VIL | BMW Service. Productos relacionados con los neum\u00e1ticos Mini.","breadcrumb":{"@id":"https:\/\/dev.digitecmedia.com\/spamovil\/mundo-mini\/neumaticos-mini\/#breadcrumb"},"inLanguage":"es","potentialAction":[{"@type":"ReadAction","target":["https:\/\/dev.digitecmedia.com\/spamovil\/mundo-mini\/neumaticos-mini\/"]}]},{"@type":"BreadcrumbList","@id":"https:\/\/dev.digitecmedia.com\/spamovil\/mundo-mini\/neumaticos-mini\/#breadcrumb","itemListElement":[{"@type":"ListItem","position":1,"name":"Portada","item":"https:\/\/dev.digitecmedia.com\/spamovil\/"},{"@type":"ListItem","position":2,"name":"MUNDO MINI","item":"https:\/\/dev.digitecmedia.com\/spamovil\/mundo-mini\/"},{"@type":"ListItem","position":3,"name":"NEUM\u00c1TICOS MINI"}]},{"@type":"WebSite","@id":"https:\/\/dev.digitecmedia.com\/spamovil\/#website","url":"https:\/\/dev.digitecmedia.com\/spamovil\/","name":"Spamovil","description":"BMW Service","potentialAction":[{"@type":"SearchAction","target":{"@type":"EntryPoint","urlTemplate":"https:\/\/dev.digitecmedia.com\/spamovil\/?s={search_term_string}"},"query-input":"required name=search_term_string"}],"inLanguage":"es"}]}},"_links":{"self":[{"href":"https:\/\/dev.digitecmedia.com\/spamovil\/wp-json\/wp\/v2\/pages\/5020"}],"collection":[{"href":"https:\/\/dev.digitecmedia.com\/spamovil\/wp-json\/wp\/v2\/pages"}],"about":[{"href":"https:\/\/dev.digitecmedia.com\/spamovil\/wp-json\/wp\/v2\/types\/page"}],"author":[{"embeddable":true,"href":"https:\/\/dev.digitecmedia.com\/spamovil\/wp-json\/wp\/v2\/users\/5"}],"replies":[{"embeddable":true,"href":"https:\/\/dev.digitecmedia.com\/spamovil\/wp-json\/wp\/v2\/comments?post=5020"}],"version-history":[{"count":3,"href":"https:\/\/dev.digitecmedia.com\/spamovil\/wp-json\/wp\/v2\/pages\/5020\/revisions"}],"predecessor-version":[{"id":5250,"href":"https:\/\/dev.digitecmedia.com\/spamovil\/wp-json\/wp\/v2\/pages\/5020\/revisions\/5250"}],"up":[{"embeddable":true,"href":"https:\/\/dev.digitecmedia.com\/spamovil\/wp-json\/wp\/v2\/pages\/5012"}],"wp:attachment":[{"href":"https:\/\/dev.digitecmedia.com\/spamovil\/wp-json\/wp\/v2\/media?parent=5020"}],"curies":[{"name":"wp","href":"https:\/\/api.w.org\/{rel}","templated":true}]}}